{"id":118,"date":"2026-01-05T15:48:20","date_gmt":"2026-01-05T15:48:20","guid":{"rendered":"https:\/\/archives-des-escotais.fr\/?page_id=118"},"modified":"2026-03-01T15:09:36","modified_gmt":"2026-03-01T15:09:36","slug":"archives-par-lieu-de-conservation","status":"publish","type":"page","link":"https:\/\/archives-des-escotais.fr\/index.php\/archives-par-lieu-de-conservation\/","title":{"rendered":"Inventaire class\u00e9 par fonds"},"content":{"rendered":"\n<h2 class=\"wp-block-heading\">Fonds \u00e0 port\u00e9e nationale<\/h2>\n\n\n\n<details class=\"wp-block-details is-layout-flow wp-block-details-is-layout-flow\"><summary><strong>Archives Nationales<\/strong><\/summary>\n<div class=\"wp-block-query is-layout-flow wp-block-query-is-layout-flow\"><ul class=\"wp-block-post-template is-layout-flow wp-block-post-template-is-layout-flow\"><li class=\"wp-block-post post-305 post type-post status-publish format-standard hentry category-archives-nationales\">\n<h2 class=\"wp-block-post-title has-medium-font-size\"><a href=\"https:\/\/archives-des-escotais.fr\/index.php\/1787\/09\/26\/quittance-de-passage-danne-guy-louis-dans-lordre-de-malte\/\" target=\"_self\" >Quittance de passage d&#8217;Anne-Guy-Louis dans l&#8217;ordre de Malte<\/a><\/h2>\n<\/li><li class=\"wp-block-post post-518 post type-post status-publish format-standard hentry category-archives-nationales\">\n<h2 class=\"wp-block-post-title has-medium-font-size\"><a href=\"https:\/\/archives-des-escotais.fr\/index.php\/1777\/09\/16\/acte-de-notoriete-du-deces-danne-pineau-de-viennay\/\" target=\"_self\" >Acte de notori\u00e9t\u00e9 du d\u00e9c\u00e8s d&#8217;Anne Pineau de Viennay<\/a><\/h2>\n<\/li><li class=\"wp-block-post post-36 post type-post status-publish format-standard has-post-thumbnail hentry category-archives-nationales tag-roland-i\">\n<h2 class=\"wp-block-post-title has-medium-font-size\"><a href=\"https:\/\/archives-des-escotais.fr\/index.php\/1755\/08\/13\/lettres-patentes-derection-du-comte-des-escotais\/\" target=\"_self\" >Lettres patentes d&#8217;\u00e9rection du comt\u00e9 des Escotais<\/a><\/h2>\n<\/li><li class=\"wp-block-post post-514 post type-post status-publish format-standard hentry category-archives-nationales tag-roland-i\">\n<h2 class=\"wp-block-post-title has-medium-font-size\"><a href=\"https:\/\/archives-des-escotais.fr\/index.php\/1736\/05\/29\/contrat-de-mariage-de-michel-roland-des-escotais-et-anne-genevieve-pineau-de-viennay\/\" target=\"_self\" >Contrat de mariage de Michel Roland des Escotais et Anne Genevi\u00e8ve Pineau de Viennay<\/a><\/h2>\n<\/li><\/ul><\/div>\n<\/details>\n\n\n\n<details class=\"wp-block-details is-layout-flow wp-block-details-is-layout-flow\"><summary><strong>Archives du minist\u00e8re de la d\u00e9fense<\/strong><\/summary>\n<div class=\"wp-block-query is-layout-flow wp-block-query-is-layout-flow\"><ul class=\"wp-block-post-template is-layout-flow wp-block-post-template-is-layout-flow\"><li class=\"wp-block-post post-447 post type-post status-publish format-standard hentry category-archives-du-ministere-de-la-defense\">\n<h2 class=\"wp-block-post-title has-medium-font-size\"><a href=\"https:\/\/archives-des-escotais.fr\/index.php\/1822\/01\/01\/dossier-de-pension-militaire-de-charles-anne-louis-roland-des-escotais\/\" target=\"_self\" >Dossier de pension militaire de Charles Anne Louis Roland des Escotais<\/a><\/h2>\n<\/li><li class=\"wp-block-post post-433 post type-post status-publish format-standard hentry category-archives-du-ministere-de-la-defense tag-roland-ii\">\n<h2 class=\"wp-block-post-title has-medium-font-size\"><a href=\"https:\/\/archives-des-escotais.fr\/index.php\/1821\/01\/01\/dossier-militaire-danne-charles-louis-roland-des-escotais\/\" target=\"_self\" >Dossier militaire de Charles Anne Louis Roland des Escotais<\/a><\/h2>\n<\/li><li class=\"wp-block-post post-442 post type-post status-publish format-standard hentry category-archives-du-ministere-de-la-defense\">\n<h2 class=\"wp-block-post-title has-medium-font-size\"><a href=\"https:\/\/archives-des-escotais.fr\/index.php\/1788\/01\/01\/dossier-milliaire-de-louis-jacques-des-escotais\/\" target=\"_self\" >Dossier miliaire de Louis Jacques des Escotais<\/a><\/h2>\n<\/li><li class=\"wp-block-post post-440 post type-post status-publish format-standard hentry category-archives-du-ministere-de-la-defense tag-louis-joseph\">\n<h2 class=\"wp-block-post-title has-medium-font-size\"><a href=\"https:\/\/archives-des-escotais.fr\/index.php\/1783\/01\/01\/dossier-militaire-de-louis-joseph-des-escotais\/\" target=\"_self\" >Dossier militaire de Louis Joseph des Escotais<\/a><\/h2>\n<\/li><\/ul><\/div>\n<\/details>\n\n\n\n<details class=\"wp-block-details is-layout-flow wp-block-details-is-layout-flow\"><summary><strong>Archives du minist\u00e8re des affaires \u00e9trang\u00e8res<\/strong><\/summary>\n<div class=\"wp-block-query is-layout-flow wp-block-query-is-layout-flow\"><ul class=\"wp-block-post-template is-layout-flow wp-block-post-template-is-layout-flow\"><li class=\"wp-block-post post-459 post type-post status-publish format-standard hentry category-archives-du-ministere-des-affaires-etrangeres tag-roland-ii\">\n<h2 class=\"wp-block-post-title has-medium-font-size\"><a href=\"https:\/\/archives-des-escotais.fr\/index.php\/1822\/01\/01\/dossier-diplomatique-de-charles-anne-louis-roland-des-escotais\/\" target=\"_self\" >Dossier diplomatique de Charles Anne Louis Roland des Escotais<\/a><\/h2>\n<\/li><li class=\"wp-block-post post-467 post type-post status-publish format-standard hentry category-archives-du-ministere-des-affaires-etrangeres tag-louis-i\">\n<h2 class=\"wp-block-post-title has-medium-font-size\"><a href=\"https:\/\/archives-des-escotais.fr\/index.php\/1772\/01\/01\/dossier-diplomatique-de-louis-jacques-des-escotais\/\" target=\"_self\" >Dossier diplomatique de Louis Jacques des Escotais<\/a><\/h2>\n<\/li><\/ul><\/div>\n<\/details>\n\n\n\n<details class=\"wp-block-details is-layout-flow wp-block-details-is-layout-flow\"><summary><strong>Biblioth\u00e8que nationale de France<\/strong><\/summary>\n<div class=\"wp-block-query is-layout-flow wp-block-query-is-layout-flow\"><ul class=\"wp-block-post-template is-layout-flow wp-block-post-template-is-layout-flow\"><li class=\"wp-block-post post-212 post type-post status-publish format-standard hentry category-bibliotheque-nationale-de-france tag-ambroise-iii\">\n<h2 class=\"wp-block-post-title has-medium-font-size\"><a href=\"https:\/\/archives-des-escotais.fr\/index.php\/1669\/01\/01\/maintien-noblesse-1669\/\" target=\"_self\" >Maintien noblesse 1669<\/a><\/h2>\n<\/li><li class=\"wp-block-post post-475 post type-post status-publish format-standard hentry category-bibliotheque-nationale-de-france\">\n<h2 class=\"wp-block-post-title has-medium-font-size\"><a href=\"https:\/\/archives-des-escotais.fr\/index.php\/1504\/01\/01\/titres-de-la-seigneurie-des-escotais-jublains\/\" target=\"_self\" >Titres de la seigneurie des Escotais (Jublains)<\/a><\/h2>\n<\/li><li class=\"wp-block-post post-481 post type-post status-publish format-standard hentry category-bibliotheque-nationale-de-france\">\n<h2 class=\"wp-block-post-title has-medium-font-size\"><a href=\"https:\/\/archives-des-escotais.fr\/index.php\/1430\/01\/01\/titres-famille-des-escotais\/\" target=\"_self\" >Titres famille des Escotais<\/a><\/h2>\n<\/li><\/ul><\/div>\n<\/details>\n\n\n\n<h2 class=\"wp-block-heading\">Fonds d\u00e9partementaux<\/h2>\n\n\n\n<details class=\"wp-block-details is-style-default is-layout-flow wp-block-details-is-layout-flow\"><summary><strong>Archives d\u00e9partementales d&#8217;Indre et Loire<\/strong><\/summary>\n<div class=\"wp-block-query is-layout-flow wp-block-query-is-layout-flow\"><ul class=\"wp-block-post-template is-layout-flow wp-block-post-template-is-layout-flow\"><li class=\"wp-block-post post-364 post type-post status-publish format-standard hentry category-archives-departementales-dindre-et-loire\">\n<h2 class=\"wp-block-post-title has-medium-font-size\"><a href=\"https:\/\/archives-des-escotais.fr\/index.php\/1781\/09\/02\/acte-inhumation-michel-roland-des-escotais\/\" target=\"_self\" >Acte d&#8217;inhumation Michel Roland des Escotais<\/a><\/h2>\n<\/li><li class=\"wp-block-post post-123 post type-post status-publish format-standard hentry category-archives-departementales-dindre-et-loire tag-roland-ii\">\n<h2 class=\"wp-block-post-title has-medium-font-size\"><a href=\"https:\/\/archives-des-escotais.fr\/index.php\/1772\/08\/10\/acte-bapteme-de-charles-anne-louis-roland\/\" target=\"_self\" >Acte bapt\u00eame de Charles Anne Louis Roland<\/a><\/h2>\n<\/li><li class=\"wp-block-post post-145 post type-post status-publish format-standard hentry category-archives-departementales-dindre-et-loire tag-louis-i\">\n<h2 class=\"wp-block-post-title has-medium-font-size\"><a href=\"https:\/\/archives-des-escotais.fr\/index.php\/1746\/11\/02\/acte-de-bapteme-de-louis-jacques-des-escotais\/\" target=\"_self\" >Acte de bapt\u00eame et suppl\u00e9ment de Louis Jacques Roland des Escotais<\/a><\/h2>\n<\/li><li class=\"wp-block-post post-338 post type-post status-publish format-standard hentry category-archives-departementales-dindre-et-loire\">\n<h2 class=\"wp-block-post-title has-medium-font-size\"><a href=\"https:\/\/archives-des-escotais.fr\/index.php\/1709\/10\/07\/acte-bapteme-de-michel-roland-des-escotais\/\" target=\"_self\" >Acte bapt\u00eame de Michel Roland des Escotais<\/a><\/h2>\n<\/li><\/ul>\n\n<\/div>\n<\/details>\n\n\n\n<h2 class=\"wp-block-heading\">Fonds \u00e9trangers<\/h2>\n\n\n\n<details class=\"wp-block-details is-layout-flow wp-block-details-is-layout-flow\"><summary><strong>Archives du Cap de Bonne Esp\u00e9rance<\/strong><\/summary>\n<div class=\"wp-block-query is-layout-flow wp-block-query-is-layout-flow\"><ul class=\"wp-block-post-template is-layout-flow wp-block-post-template-is-layout-flow\"><li class=\"wp-block-post post-81 post type-post status-publish format-standard hentry category-archives-nationales-du-cap-de-bonne-esperance tag-roland-iii\">\n<h2 class=\"wp-block-post-title has-medium-font-size\"><a href=\"https:\/\/archives-des-escotais.fr\/index.php\/1810\/12\/09\/acte-bapteme-robert-roland-des-escotais\/\" target=\"_self\" >Acte bapt\u00eame Robert Roland des Escotais<\/a><\/h2>\n<\/li><\/ul><\/div>\n<\/details>\n\n\n\n<details class=\"wp-block-details is-style-default is-layout-flow wp-block-details-is-layout-flow\"><summary><strong>Archives de l&#8217;ordre de Malte<\/strong><\/summary>\n<div class=\"wp-block-query is-layout-flow wp-block-query-is-layout-flow\"><ul class=\"wp-block-post-template is-layout-flow wp-block-post-template-is-layout-flow\"><li class=\"wp-block-post post-373 post type-post status-publish format-standard hentry category-archives-de-lordre-de-malte\">\n<h2 class=\"wp-block-post-title has-medium-font-size\"><a href=\"https:\/\/archives-des-escotais.fr\/index.php\/1791\/01\/01\/preuves-noblesse-anne-guy-louis-des-escotais\/\" target=\"_self\" >Preuves noblesse d&#8217;Anne-Guy-Louis des Escotais<\/a><\/h2>\n<\/li><li class=\"wp-block-post post-401 post type-post status-publish format-standard hentry category-archives-de-lordre-de-malte\">\n<h2 class=\"wp-block-post-title has-medium-font-size\"><a href=\"https:\/\/archives-des-escotais.fr\/index.php\/1686\/01\/01\/preuves-de-noblesse-de-michel-seraphin-des-escotais\/\" target=\"_self\" >Preuves de noblesse de Michel S\u00e9raphin des Escotais<\/a><\/h2>\n<\/li><li class=\"wp-block-post post-491 post type-post status-publish format-standard hentry category-archives-de-lordre-de-malte\">\n<h2 class=\"wp-block-post-title has-medium-font-size\"><a href=\"https:\/\/archives-des-escotais.fr\/index.php\/1585\/01\/01\/preuve-de-noblesse-dambroise-des-escotais\/\" target=\"_self\" >Preuve de noblesse d&#8217;Ambroise des Escotais<\/a><\/h2>\n<\/li><\/ul>\n\n<\/div>\n<\/details>\n\n\n\n<h2 class=\"wp-block-heading\">Fonds priv\u00e9s<\/h2>\n\n\n\n<details class=\"wp-block-details is-style-default is-layout-flow wp-block-details-is-layout-flow\"><summary><strong>Archives de l&#8217;association de la pr\u00e9sentation du patrimoine des Escotais<\/strong><\/summary>\n<div class=\"wp-block-query is-layout-flow wp-block-query-is-layout-flow\"><ul class=\"wp-block-post-template is-layout-flow wp-block-post-template-is-layout-flow\"><li class=\"wp-block-post post-470 post type-post status-publish format-standard hentry category-archives-privees tag-fief-des-escotais-jublains\">\n<h2 class=\"wp-block-post-title has-medium-font-size\"><a href=\"https:\/\/archives-des-escotais.fr\/index.php\/1774\/01\/01\/releve-mutations-fief-des-escotais-jublains-xviiie-siecle\/\" target=\"_self\" >Relev\u00e9 mutations fief des Escotais (Jublains XVIIIe si\u00e8cle)<\/a><\/h2>\n<\/li><\/ul>\n\n<\/div>\n<\/details>\n\n\n\n<p><\/p>\n","protected":false},"excerpt":{"rendered":"<p>Fonds \u00e0 port\u00e9e nationale Fonds d\u00e9partementaux Fonds \u00e9trangers Fonds priv\u00e9s<\/p>\n","protected":false},"author":1,"featured_media":0,"parent":0,"menu_order":0,"comment_status":"closed","ping_status":"closed","template":"","meta":{"footnotes":""},"class_list":["post-118","page","type-page","status-publish","hentry"],"_links":{"self":[{"href":"https:\/\/archives-des-escotais.fr\/index.php\/wp-json\/wp\/v2\/pages\/118","targetHints":{"allow":["GET"]}}],"collection":[{"href":"https:\/\/archives-des-escotais.fr\/index.php\/wp-json\/wp\/v2\/pages"}],"about":[{"href":"https:\/\/archives-des-escotais.fr\/index.php\/wp-json\/wp\/v2\/types\/page"}],"author":[{"embeddable":true,"href":"https:\/\/archives-des-escotais.fr\/index.php\/wp-json\/wp\/v2\/users\/1"}],"replies":[{"embeddable":true,"href":"https:\/\/archives-des-escotais.fr\/index.php\/wp-json\/wp\/v2\/comments?post=118"}],"version-history":[{"count":16,"href":"https:\/\/archives-des-escotais.fr\/index.php\/wp-json\/wp\/v2\/pages\/118\/revisions"}],"predecessor-version":[{"id":480,"href":"https:\/\/archives-des-escotais.fr\/index.php\/wp-json\/wp\/v2\/pages\/118\/revisions\/480"}],"wp:attachment":[{"href":"https:\/\/archives-des-escotais.fr\/index.php\/wp-json\/wp\/v2\/media?parent=118"}],"curies":[{"name":"wp","href":"https:\/\/api.w.org\/{rel}","templated":true}]}}