{"id":129,"date":"2026-01-09T19:39:29","date_gmt":"2026-01-09T19:39:29","guid":{"rendered":"https:\/\/archives-des-escotais.fr\/?page_id=129"},"modified":"2026-01-09T19:39:29","modified_gmt":"2026-01-09T19:39:29","slug":"nous-contacter","status":"publish","type":"page","link":"https:\/\/archives-des-escotais.fr\/index.php\/nous-contacter\/","title":{"rendered":"Nous contacter"},"content":{"rendered":"\n<p>Ce site est port\u00e9 par l\u2019<strong>Association pour la pr\u00e9servation et la mise en valeur du patrimoine historique des Escotais<\/strong>, association de loi 1901 \u00e0 vocation scientifique et patrimoniale.<\/p>\n\n\n\n<p>Si vous souhaitez obtenir des pr\u00e9cisions sur le projet, signaler l\u2019existence de fonds d\u2019archives, poser une question ou \u00e9changer \u00e0 propos des travaux en cours, vous pouvez nous contacter \u00e0 l\u2019adresse suivante :<\/p>\n\n\n\n<p><strong><a>contact@archives-des-escotais.fr<\/a><\/strong><\/p>\n\n\n\n<p>L\u2019association accueille \u00e9galement avec int\u00e9r\u00eat toute proposition de contribution : aide \u00e0 l\u2019identification ou \u00e0 la transcription de documents, signalement de sources, travaux de recherche, ou participation ponctuelle aux actions men\u00e9es. Toute aide, quelle qu\u2019en soit la forme, est la bienvenue.<\/p>\n\n\n\n<p>Les messages sont examin\u00e9s avec attention. Une r\u00e9ponse est apport\u00e9e dans la mesure du possible, en fonction de la nature des demandes et des priorit\u00e9s du projet.<\/p>\n","protected":false},"excerpt":{"rendered":"<p>Ce site est port\u00e9 par l\u2019Association pour la pr\u00e9servation et la mise en valeur du patrimoine historique des Escotais, association de loi 1901 \u00e0 vocation scientifique et patrimoniale. Si vous souhaitez obtenir des pr\u00e9cisions sur le projet, signaler l\u2019existence de fonds d\u2019archives, poser une question ou \u00e9changer \u00e0 propos des travaux en cours, vous pouvez [&hellip;]<\/p>\n","protected":false},"author":1,"featured_media":0,"parent":0,"menu_order":0,"comment_status":"closed","ping_status":"closed","template":"","meta":{"footnotes":""},"class_list":["post-129","page","type-page","status-publish","hentry"],"_links":{"self":[{"href":"https:\/\/archives-des-escotais.fr\/index.php\/wp-json\/wp\/v2\/pages\/129","targetHints":{"allow":["GET"]}}],"collection":[{"href":"https:\/\/archives-des-escotais.fr\/index.php\/wp-json\/wp\/v2\/pages"}],"about":[{"href":"https:\/\/archives-des-escotais.fr\/index.php\/wp-json\/wp\/v2\/types\/page"}],"author":[{"embeddable":true,"href":"https:\/\/archives-des-escotais.fr\/index.php\/wp-json\/wp\/v2\/users\/1"}],"replies":[{"embeddable":true,"href":"https:\/\/archives-des-escotais.fr\/index.php\/wp-json\/wp\/v2\/comments?post=129"}],"version-history":[{"count":1,"href":"https:\/\/archives-des-escotais.fr\/index.php\/wp-json\/wp\/v2\/pages\/129\/revisions"}],"predecessor-version":[{"id":130,"href":"https:\/\/archives-des-escotais.fr\/index.php\/wp-json\/wp\/v2\/pages\/129\/revisions\/130"}],"wp:attachment":[{"href":"https:\/\/archives-des-escotais.fr\/index.php\/wp-json\/wp\/v2\/media?parent=129"}],"curies":[{"name":"wp","href":"https:\/\/api.w.org\/{rel}","templated":true}]}}