{"id":217,"date":"2026-01-12T20:52:24","date_gmt":"2026-01-12T20:52:24","guid":{"rendered":"http:\/\/archives-des-escotais.fr\/?page_id=217"},"modified":"2026-03-28T16:25:31","modified_gmt":"2026-03-28T16:25:31","slug":"preuves-de-noblesse","status":"publish","type":"page","link":"https:\/\/archives-des-escotais.fr\/index.php\/preuves-de-noblesse\/","title":{"rendered":"Preuves de noblesse"},"content":{"rendered":"\n<p><span style=\"white-space: normal; caret-color: rgb(0, 0, 0); color: rgb(0, 0, 0); font-size: medium;\">La famille des Escotais rel\u00e8ve de la noblesse dite imm\u00e9moriale, c\u2019est-\u00e0-dire attest\u00e9e comme noble depuis les origines connues de sa filiation, sans qu\u2019aucun acte d\u2019anoblissement ne soit intervenu. Sa qualit\u00e9 nobiliaire est toutefois confirm\u00e9e \u00e0 plusieurs reprises par des actes et reconnaissances \u00e9manant des institutions de l\u2019Ancien R\u00e9gime.<\/span><\/p>\n\n\n\n<h3 class=\"wp-block-heading\">Reconnaissance institutionnelle et actes publics relatifs \u00e0 l\u2019\u00e9tat nobiliaire<\/h3>\n\n\n\n<p>La noblesse de la famille des Escotais a \u00e9t\u00e9 v\u00e9rifi\u00e9e lors des grandes enqu\u00eates sur la noblesse men\u00e9es par Louis XIV en 1669 et elle a \u00e9t\u00e9 <strong>maintenue<\/strong> (c&#8217;est \u00e0 dire confirm\u00e9e) dans sa noblesse &#8211; <a href=\"https:\/\/archives-des-escotais.fr\/index.php\/1669\/01\/01\/maintien-noblesse-1669\/\" data-type=\"post\" data-id=\"212\">lien ici<\/a>.<\/p>\n\n\n\n<p>Pour r\u00e9compenser les services rendus par Michel Roland des Escotais, Louis Joseph des Escotais et plus largement la famille des Escotais depuis Guillaume des Escotais durant la guerre de cent ans, les terres de familiales sont \u00e9rig\u00e9es en <strong>comt\u00e9 des Escotais <\/strong>en 1775 &#8211; <a href=\"https:\/\/archives-des-escotais.fr\/index.php\/1755\/08\/13\/lettres-patentes-derection-du-comte-des-escotais\/\" data-type=\"post\" data-id=\"36\">lien ici<\/a>.<\/p>\n\n\n\n<h3 class=\"wp-block-heading\">Attestations par le cabinet des sceaux<\/h3>\n\n\n\n<p>Dossier Ch\u00e9rin 73 &#8211; <a href=\"https:\/\/gallica.bnf.fr\/ark:\/12148\/btv1b10080973s\/f32\" data-type=\"link\" data-id=\"https:\/\/gallica.bnf.fr\/ark:\/12148\/btv1b10080973s\/f32\">lien ici<\/a>.<br>Carr\u00e9s d&#8217;Hozier 237 &#8211; <a href=\"https:\/\/gallica.bnf.fr\/ark:\/12148\/btv1b100820124\/f233.item\" data-type=\"link\" data-id=\"https:\/\/gallica.bnf.fr\/ark:\/12148\/btv1b100820124\/f233.item\">lien ici<\/a>.<br>Cabinet d&#8217;Hozier 127 &#8211; <a href=\"https:\/\/gallica.bnf.fr\/ark:\/12148\/btv1b10080596f\/f182.item\" data-type=\"link\" data-id=\"https:\/\/gallica.bnf.fr\/ark:\/12148\/btv1b10080596f\/f182.item\">lien ici<\/a>.<br>Nouveau d&#8217;Hozier 124 &#8211; <a href=\"https:\/\/gallica.bnf.fr\/ark:\/12148\/btv1b100835684\/f336.item\">lien ici<\/a>.<\/p>\n\n\n\n<h3 class=\"wp-block-heading\">Preuves de noblesses de l&#8217;ordre de Malte<\/h3>\n\n\n\n<p>Preuves d&#8217;Ambroise des Escotais &#8211; 1585 &#8211; <a href=\"https:\/\/archives-des-escotais.fr\/index.php\/1585\/01\/01\/preuve-de-noblesse-dambroise-des-escotais\/\" data-type=\"post\" data-id=\"491\">lien ici<\/a>.<br>Preuves de Michel S\u00e9raphin des Escotais &#8211; 1686 &#8211; <a href=\"https:\/\/archives-des-escotais.fr\/index.php\/1686\/01\/01\/preuves-de-noblesse-de-michel-seraphin-des-escotais\/\" data-type=\"post\" data-id=\"401\">lien ici<\/a>.<br>Preuves d&#8217;Anne Guy Louis des Escotais &#8211; 1791 &#8211; <a href=\"https:\/\/archives-des-escotais.fr\/index.php\/1789\/01\/01\/preuves-noblesse-anne-guy-louis-des-escotais\/\" data-type=\"post\" data-id=\"373\">lien ici<\/a>.<\/p>\n\n\n\n<p><\/p>\n\n\n\n<p><\/p>\n","protected":false},"excerpt":{"rendered":"<p>La famille des Escotais rel\u00e8ve de la noblesse dite imm\u00e9moriale, c\u2019est-\u00e0-dire attest\u00e9e comme noble depuis les origines connues de sa filiation, sans qu\u2019aucun acte d\u2019anoblissement ne soit intervenu. Sa qualit\u00e9 nobiliaire est toutefois confirm\u00e9e \u00e0 plusieurs reprises par des actes et reconnaissances \u00e9manant des institutions de l\u2019Ancien R\u00e9gime. Reconnaissance institutionnelle et actes publics relatifs \u00e0 [&hellip;]<\/p>\n","protected":false},"author":1,"featured_media":0,"parent":0,"menu_order":0,"comment_status":"closed","ping_status":"closed","template":"","meta":{"footnotes":""},"class_list":["post-217","page","type-page","status-publish","hentry"],"_links":{"self":[{"href":"https:\/\/archives-des-escotais.fr\/index.php\/wp-json\/wp\/v2\/pages\/217","targetHints":{"allow":["GET"]}}],"collection":[{"href":"https:\/\/archives-des-escotais.fr\/index.php\/wp-json\/wp\/v2\/pages"}],"about":[{"href":"https:\/\/archives-des-escotais.fr\/index.php\/wp-json\/wp\/v2\/types\/page"}],"author":[{"embeddable":true,"href":"https:\/\/archives-des-escotais.fr\/index.php\/wp-json\/wp\/v2\/users\/1"}],"replies":[{"embeddable":true,"href":"https:\/\/archives-des-escotais.fr\/index.php\/wp-json\/wp\/v2\/comments?post=217"}],"version-history":[{"count":9,"href":"https:\/\/archives-des-escotais.fr\/index.php\/wp-json\/wp\/v2\/pages\/217\/revisions"}],"predecessor-version":[{"id":498,"href":"https:\/\/archives-des-escotais.fr\/index.php\/wp-json\/wp\/v2\/pages\/217\/revisions\/498"}],"wp:attachment":[{"href":"https:\/\/archives-des-escotais.fr\/index.php\/wp-json\/wp\/v2\/media?parent=217"}],"curies":[{"name":"wp","href":"https:\/\/api.w.org\/{rel}","templated":true}]}}